{"id":2,"date":"2024-02-03T11:48:56","date_gmt":"2024-02-03T10:48:56","guid":{"rendered":"http:\/\/entres.pl\/?page_id=2"},"modified":"2024-02-06T00:05:16","modified_gmt":"2024-02-05T23:05:16","slug":"przykladowa-strona","status":"publish","type":"page","link":"https:\/\/entres.pl\/?page_id=2","title":{"rendered":"O nas"},"content":{"rendered":"\n<p>Jeste\u015bmy do\u015bwiadczonym biurem projektowym, kt\u00f3re specjalizuje si\u0119 w projektowaniu, obliczeniach oraz dostarczaniu wysokiej jako\u015bci urz\u0105dze\u0144 i produkt\u00f3w dostosowanych do indywidualnych potrzeb naszych klient\u00f3w. Nasza dzia\u0142alno\u015b\u0107 obejmuje szeroki zakres us\u0142ug, maj\u0105cych na celu wspieranie Twoich projekt\u00f3w i zapewnienie im pe\u0142nego sukcesu.<\/p>\n\n\n\n<p>Co mo\u017cemy dla Ciebie zrobi\u0107?<\/p>\n\n\n\n<ol class=\"wp-block-list\">\n<li><strong>Projektowanie i obliczenia:<\/strong> Nasz zesp\u00f3\u0142 ekspert\u00f3w posiada niezb\u0119dn\u0105 wiedz\u0119 i do\u015bwiadczenie, aby stworzy\u0107 najbardziej optymalne rozwi\u0105zania projektowe. Dzi\u0119ki precyzyjnym obliczeniom i analizom, zapewniamy, \u017ce nasze produkty spe\u0142niaj\u0105 najwy\u017csze standardy bezpiecze\u0144stwa i wydajno\u015bci.<\/li>\n\n\n\n<li><strong>Dostawa gotowych produkt\u00f3w:<\/strong> Oferujemy szeroki asortyment gotowych produkt\u00f3w, takich jak wci\u0105garki linowe czy \u0142a\u0144cuchowe, kr\u0105\u017cki linowe, zawiesia specjalistyczne i wiele innych, kt\u00f3re s\u0105 idealnie dopasowane do wymaga\u0144 i specyfikacji naszych klient\u00f3w. Nasze produkty s\u0105 wykonane z najwy\u017cszej jako\u015bci materia\u0142\u00f3w i zapewniaj\u0105 niezawodno\u015b\u0107 oraz trwa\u0142o\u015b\u0107 w ka\u017cdych warunkach.<\/li>\n\n\n\n<li><strong>Doradztwo techniczne:<\/strong> Nasz zesp\u00f3\u0142 in\u017cynier\u00f3w i specjalist\u00f3w technicznych s\u0142u\u017cy Ci wsparciem i doradztwem na ka\u017cdym etapie projektu. Dzi\u0119ki naszej wiedzy i do\u015bwiadczeniu mo\u017cemy pom\u00f3c Ci w wyborze najlepszych rozwi\u0105za\u0144 oraz udzieli\u0107 fachowych porad dotycz\u0105cych implementacji i u\u017cytkowania naszych produkt\u00f3w.<\/li>\n\n\n\n<li><strong>Inspekcje:<\/strong> Zapewniamy kompleksowe us\u0142ugi inspekcyjne, kt\u00f3re pozwalaj\u0105 na dok\u0142adn\u0105 ocen\u0119 stanu technicznego i bezpiecze\u0144stwa urz\u0105dze\u0144 oraz instalacji morskich. Nasze inspekcje s\u0105 przeprowadzane przez wykwalifikowanych specjalist\u00f3w, kt\u00f3rzy dbaj\u0105 o to, aby wszystkie wymagania i normy zosta\u0142y spe\u0142nione.<\/li>\n<\/ol>\n\n\n\n<p>Niezale\u017cnie od tego, czy potrzebujesz nowego projektu, gotowych produkt\u00f3w czy wsparcia technicznego, mo\u017cesz polega\u0107 na naszym do\u015bwiadczeniu i zaanga\u017cowaniu. Skontaktuj si\u0119 z nami ju\u017c dzi\u015b, aby dowiedzie\u0107 si\u0119 wi\u0119cej o tym, jak mo\u017cemy wesprze\u0107 Twoje przedsi\u0119wzi\u0119cie.<\/p>\n\n\n\n<p><a rel=\"noreferrer noopener\" target=\"_blank\" href=\"mailto:office@entres.pl\"><\/a><a href=\"mailto:office@entres.pl\">office@entres.pl<\/a><\/p>\n\n\n\n<p>Dzi\u0119kujemy za zainteresowanie naszymi us\u0142ugami. Jeste\u015bmy gotowi sprosta\u0107 Twoim wymaganiom i wyzwaniom technicznym!<\/p>\n","protected":false},"excerpt":{"rendered":"<p>Jeste\u015bmy do\u015bwiadczonym biurem projektowym, kt\u00f3re specjalizuje si\u0119 w projektowaniu, obliczeniach oraz dostarczaniu wysokiej jako\u015bci urz\u0105dze\u0144 i produkt\u00f3w dostosowanych do indywidualnych potrzeb naszych klient\u00f3w. Nasza dzia\u0142alno\u015b\u0107 obejmuje szeroki zakres us\u0142ug, maj\u0105cych na celu wspieranie Twoich projekt\u00f3w i zapewnienie im pe\u0142nego sukcesu. Co mo\u017cemy dla Ciebie zrobi\u0107? Niezale\u017cnie od tego, czy potrzebujesz nowego projektu, gotowych produkt\u00f3w czy [&hellip;]<\/p>\n","protected":false},"author":1,"featured_media":0,"parent":0,"menu_order":0,"comment_status":"closed","ping_status":"closed","template":"","meta":{"footnotes":""},"class_list":["post-2","page","type-page","status-publish","hentry"],"yoast_head":"<!-- This site is optimized with the Yoast SEO plugin v21.9.1 - https:\/\/yoast.com\/wordpress\/plugins\/seo\/ -->\n<title>O nas - Entres<\/title>\n<meta name=\"robots\" content=\"index, follow, max-snippet:-1, max-image-preview:large, max-video-preview:-1\" \/>\n<link rel=\"canonical\" href=\"https:\/\/entres.pl\/?page_id=2\" \/>\n<meta property=\"og:locale\" content=\"pl_PL\" \/>\n<meta property=\"og:type\" content=\"article\" \/>\n<meta property=\"og:title\" content=\"O nas - Entres\" \/>\n<meta property=\"og:description\" content=\"Jeste\u015bmy do\u015bwiadczonym biurem projektowym, kt\u00f3re specjalizuje si\u0119 w projektowaniu, obliczeniach oraz dostarczaniu wysokiej jako\u015bci urz\u0105dze\u0144 i produkt\u00f3w dostosowanych do indywidualnych potrzeb naszych klient\u00f3w. Nasza dzia\u0142alno\u015b\u0107 obejmuje szeroki zakres us\u0142ug, maj\u0105cych na celu wspieranie Twoich projekt\u00f3w i zapewnienie im pe\u0142nego sukcesu. Co mo\u017cemy dla Ciebie zrobi\u0107? Niezale\u017cnie od tego, czy potrzebujesz nowego projektu, gotowych produkt\u00f3w czy [&hellip;]\" \/>\n<meta property=\"og:url\" content=\"https:\/\/entres.pl\/?page_id=2\" \/>\n<meta property=\"og:site_name\" content=\"Entres\" \/>\n<meta property=\"article:modified_time\" content=\"2024-02-05T23:05:16+00:00\" \/>\n<meta name=\"twitter:card\" content=\"summary_large_image\" \/>\n<meta name=\"twitter:label1\" content=\"Szacowany czas czytania\" \/>\n\t<meta name=\"twitter:data1\" content=\"1 minuta\" \/>\n<script type=\"application\/ld+json\" class=\"yoast-schema-graph\">{\"@context\":\"https:\/\/schema.org\",\"@graph\":[{\"@type\":\"WebPage\",\"@id\":\"https:\/\/entres.pl\/?page_id=2\",\"url\":\"https:\/\/entres.pl\/?page_id=2\",\"name\":\"O nas - Entres\",\"isPartOf\":{\"@id\":\"https:\/\/entres.pl\/#website\"},\"datePublished\":\"2024-02-03T10:48:56+00:00\",\"dateModified\":\"2024-02-05T23:05:16+00:00\",\"breadcrumb\":{\"@id\":\"https:\/\/entres.pl\/?page_id=2#breadcrumb\"},\"inLanguage\":\"pl-PL\",\"potentialAction\":[{\"@type\":\"ReadAction\",\"target\":[\"https:\/\/entres.pl\/?page_id=2\"]}]},{\"@type\":\"BreadcrumbList\",\"@id\":\"https:\/\/entres.pl\/?page_id=2#breadcrumb\",\"itemListElement\":[{\"@type\":\"ListItem\",\"position\":1,\"name\":\"Home\",\"item\":\"https:\/\/entres.pl\/\"},{\"@type\":\"ListItem\",\"position\":2,\"name\":\"O nas\"}]},{\"@type\":\"WebSite\",\"@id\":\"https:\/\/entres.pl\/#website\",\"url\":\"https:\/\/entres.pl\/\",\"name\":\"Entres\",\"description\":\"Witaj w ENTRES\",\"inLanguage\":\"pl-PL\"}]}<\/script>\n<!-- \/ Yoast SEO plugin. -->","yoast_head_json":{"title":"O nas - Entres","robots":{"index":"index","follow":"follow","max-snippet":"max-snippet:-1","max-image-preview":"max-image-preview:large","max-video-preview":"max-video-preview:-1"},"canonical":"https:\/\/entres.pl\/?page_id=2","og_locale":"pl_PL","og_type":"article","og_title":"O nas - Entres","og_description":"Jeste\u015bmy do\u015bwiadczonym biurem projektowym, kt\u00f3re specjalizuje si\u0119 w projektowaniu, obliczeniach oraz dostarczaniu wysokiej jako\u015bci urz\u0105dze\u0144 i produkt\u00f3w dostosowanych do indywidualnych potrzeb naszych klient\u00f3w. Nasza dzia\u0142alno\u015b\u0107 obejmuje szeroki zakres us\u0142ug, maj\u0105cych na celu wspieranie Twoich projekt\u00f3w i zapewnienie im pe\u0142nego sukcesu. Co mo\u017cemy dla Ciebie zrobi\u0107? Niezale\u017cnie od tego, czy potrzebujesz nowego projektu, gotowych produkt\u00f3w czy [&hellip;]","og_url":"https:\/\/entres.pl\/?page_id=2","og_site_name":"Entres","article_modified_time":"2024-02-05T23:05:16+00:00","twitter_card":"summary_large_image","twitter_misc":{"Szacowany czas czytania":"1 minuta"},"schema":{"@context":"https:\/\/schema.org","@graph":[{"@type":"WebPage","@id":"https:\/\/entres.pl\/?page_id=2","url":"https:\/\/entres.pl\/?page_id=2","name":"O nas - Entres","isPartOf":{"@id":"https:\/\/entres.pl\/#website"},"datePublished":"2024-02-03T10:48:56+00:00","dateModified":"2024-02-05T23:05:16+00:00","breadcrumb":{"@id":"https:\/\/entres.pl\/?page_id=2#breadcrumb"},"inLanguage":"pl-PL","potentialAction":[{"@type":"ReadAction","target":["https:\/\/entres.pl\/?page_id=2"]}]},{"@type":"BreadcrumbList","@id":"https:\/\/entres.pl\/?page_id=2#breadcrumb","itemListElement":[{"@type":"ListItem","position":1,"name":"Home","item":"https:\/\/entres.pl\/"},{"@type":"ListItem","position":2,"name":"O nas"}]},{"@type":"WebSite","@id":"https:\/\/entres.pl\/#website","url":"https:\/\/entres.pl\/","name":"Entres","description":"Witaj w ENTRES","inLanguage":"pl-PL"}]}},"_links":{"self":[{"href":"https:\/\/entres.pl\/index.php?rest_route=\/wp\/v2\/pages\/2","targetHints":{"allow":["GET"]}}],"collection":[{"href":"https:\/\/entres.pl\/index.php?rest_route=\/wp\/v2\/pages"}],"about":[{"href":"https:\/\/entres.pl\/index.php?rest_route=\/wp\/v2\/types\/page"}],"author":[{"embeddable":true,"href":"https:\/\/entres.pl\/index.php?rest_route=\/wp\/v2\/users\/1"}],"replies":[{"embeddable":true,"href":"https:\/\/entres.pl\/index.php?rest_route=%2Fwp%2Fv2%2Fcomments&post=2"}],"version-history":[{"count":3,"href":"https:\/\/entres.pl\/index.php?rest_route=\/wp\/v2\/pages\/2\/revisions"}],"predecessor-version":[{"id":42,"href":"https:\/\/entres.pl\/index.php?rest_route=\/wp\/v2\/pages\/2\/revisions\/42"}],"wp:attachment":[{"href":"https:\/\/entres.pl\/index.php?rest_route=%2Fwp%2Fv2%2Fmedia&parent=2"}],"curies":[{"name":"wp","href":"https:\/\/api.w.org\/{rel}","templated":true}]}}